{"id":6952,"date":"2019-04-01T11:24:37","date_gmt":"2019-04-01T09:24:37","guid":{"rendered":"https:\/\/nowa.ank.gov.pl\/?page_id=6952"},"modified":"2025-09-05T09:41:41","modified_gmt":"2025-09-05T07:41:41","slug":"how-to-find-us","status":"publish","type":"page","link":"https:\/\/ank.gov.pl\/en\/what-we-do\/records-and-access\/how-to-find-us\/","title":{"rendered":"How to find us"},"content":{"rendered":"<h2><strong>The main office of The National Archives in Krakow\u00a0<\/strong><\/h2>\n<h2><strong>22E Rakowicka Street in Krakow\u00a0<\/strong><\/h2>\n<p>is located a 15-minute walk from the train station and the bus station<\/p>\n<ul>\n<li>The closest public transport stop is located at the Rakowicka Street near Museum of Photography, 900 m away from the Archives (bus stop Muzeum Fotografii, line 76)<\/li>\n<li>There is a parking space next to the archival building<\/li>\n<\/ul>\n<p><iframe loading=\"lazy\" style=\"border: 0;\" src=\"https:\/\/www.google.com\/maps\/embed?pb=!1m18!1m12!1m3!1d2560.76983534329!2d19.95184422858529!3d50.071871983038015!2m3!1f0!2f0!3f0!3m2!1i1024!2i768!4f13.1!3m3!1m2!1s0x47165b081559a465%3A0xc9cb68edf0776a95!2sArchiwum%20Narodowe%20w%20Krakowie!5e0!3m2!1spl!2spl!4v1626033962446!5m2!1spl!2spl\" width=\"600\" height=\"450\" allowfullscreen=\"allowfullscreen\"><\/iframe><\/p>\n<h2><\/h2>\n<h2>\u00a0 \u00a0 \u00a0 <img loading=\"lazy\" decoding=\"async\" class=\"alignnone wp-image-17195 colorbox-6952\" src=\"https:\/\/ank.gov.pl\/wp-content\/uploads\/2025\/09\/mapa-768x892-1-258x300.jpg\" alt=\"\" width=\"542\" height=\"630\" srcset=\"https:\/\/ank.gov.pl\/wp-content\/uploads\/2025\/09\/mapa-768x892-1-258x300.jpg 258w, https:\/\/ank.gov.pl\/wp-content\/uploads\/2025\/09\/mapa-768x892-1.jpg 768w\" sizes=\"auto, (max-width: 542px) 100vw, 542px\" \/><\/h2>\n<h2><strong>The Nowy S\u0105cz Branch of The National Archives in Krakow is located at 12 29 Listopada Street (southern part of Nowy S\u0105cz)<\/strong><\/h2>\n<p>a 20-minute walk from the train station and the bus station MPK, the building is situated next to the Ma\u0142opolski O\u015brodek Ruchu Drogowego (MORD)<\/p>\n<ul>\n<li>The closest public transport stop is located at the 29 Listopada Street (near MORD, the health centre OPTIMED and the No 15 Primary School) and at Nowowiejska Street, located about 100-300 m from the Archives. From the train station and the bus station you can take the bus no 6, 12, 13 (29 Listopada Street) and no 1, 2, 26 (Nowowiejska Street, near the Traugutta junction)<\/li>\n<li>There is a parking space next to the archival building<\/li>\n<\/ul>\n<p>&nbsp;<\/p>\n<p><iframe loading=\"lazy\" style=\"border: 0;\" src=\"https:\/\/www.google.com\/maps\/embed?pb=!1m16!1m12!1m3!1d11609.933305421793!2d20.701606209592086!3d49.601175478840354!2m3!1f0!2f0!3f0!3m2!1i1024!2i768!4f13.1!2m1!1sarchiwum%20w%20s%C4%85czu!5e0!3m2!1spl!2spl!4v1756984296800!5m2!1spl!2spl\" width=\"600\" height=\"450\" allowfullscreen=\"allowfullscreen\"><\/iframe><\/p>\n<h2><\/h2>\n<h2><strong>The Tarnow Branch of The National Archives in Krakow is located at 16 Chemiczna Street<\/strong><\/h2>\n<p><strong>\u00a0<\/strong>(Mo\u015bcice district), a 10-minute walk from the PKP Tarn\u00f3w-Mo\u015bcice Station, situated on the same street. The building neighbours the Complex of Sport Schools and Church of the Blessed Virgin Mary<\/p>\n<ul>\n<li>Transport from the centre of Tarnow by local transport buses. The nearest bus stop is located on Chemiczna Street approximately 100 metres away (line 14). The bus terminal in Mo\u015bcice by the Nitrogen (Azotowy) Plant is approximately 800 metres away (lines 0, 1, 9 and 14)<\/li>\n<li>Next to the building are parking spaces. The nearest large car park is 100 metres away<\/li>\n<\/ul>\n<p>&nbsp;<\/p>\n<p><iframe loading=\"lazy\" style=\"border: 0;\" src=\"https:\/\/www.google.com\/maps\/embed?pb=!1m18!1m12!1m3!1d2564.1083996653847!2d20.91487201545525!3d50.00932342693271!2m3!1f0!2f0!3f0!3m2!1i1024!2i768!4f13.1!3m3!1m2!1s0x473d84614735ee8d%3A0x903e3d3079fe3d67!2sChemiczna+16%2C+33-100+Tarn%C3%B3w!5e0!3m2!1spl!2spl!4v1550618796283\" width=\"820\" height=\"350\" frameborder=\"0\" allowfullscreen=\"allowfullscreen\"><\/iframe><\/p>\n<p>&nbsp;<\/p>\n","protected":false},"excerpt":{"rendered":"<p>The main office of The National Archives in Krakow\u00a0 22E Rakowicka Street in Krakow\u00a0 is located a 15-minute walk from the train station and the bus station The closest public transport stop is located at the [&hellip;]<\/p>\n","protected":false},"author":2,"featured_media":0,"parent":6131,"menu_order":5,"comment_status":"closed","ping_status":"closed","template":"","meta":{"_acf_changed":false,"footnotes":""},"class_list":["post-6952","page","type-page","status-publish","hentry"],"acf":[],"yoast_head":"<!-- This site is optimized with the Yoast SEO plugin v25.7 - https:\/\/yoast.com\/wordpress\/plugins\/seo\/ -->\n<title>How to find us - Archiwum Narodowe w Krakowie<\/title>\n<meta name=\"robots\" content=\"index, follow, max-snippet:-1, max-image-preview:large, max-video-preview:-1\" \/>\n<link rel=\"canonical\" href=\"https:\/\/ank.gov.pl\/en\/what-we-do\/records-and-access\/how-to-find-us\/\" \/>\n<meta property=\"og:locale\" content=\"en_US\" \/>\n<meta property=\"og:type\" content=\"article\" \/>\n<meta property=\"og:title\" content=\"How to find us - Archiwum Narodowe w Krakowie\" \/>\n<meta property=\"og:description\" content=\"The main office of The National Archives in Krakow\u00a0 22E Rakowicka Street in Krakow\u00a0 is located a 15-minute walk from the train station and the bus station The closest public transport stop is located at the [&hellip;]\" \/>\n<meta property=\"og:url\" content=\"https:\/\/ank.gov.pl\/en\/what-we-do\/records-and-access\/how-to-find-us\/\" \/>\n<meta property=\"og:site_name\" content=\"Archiwum Narodowe w Krakowie\" \/>\n<meta property=\"article:modified_time\" content=\"2025-09-05T07:41:41+00:00\" \/>\n<meta property=\"og:image\" content=\"https:\/\/ank.gov.pl\/wp-content\/uploads\/2025\/09\/mapa-768x892-1.jpg\" \/>\n\t<meta property=\"og:image:width\" content=\"768\" \/>\n\t<meta property=\"og:image:height\" content=\"892\" \/>\n\t<meta property=\"og:image:type\" content=\"image\/jpeg\" \/>\n<meta name=\"twitter:card\" content=\"summary_large_image\" \/>\n<meta name=\"twitter:label1\" content=\"Est. reading time\" \/>\n\t<meta name=\"twitter:data1\" content=\"2 minutes\" \/>\n<script type=\"application\/ld+json\" class=\"yoast-schema-graph\">{\"@context\":\"https:\/\/schema.org\",\"@graph\":[{\"@type\":\"WebPage\",\"@id\":\"https:\/\/ank.gov.pl\/en\/what-we-do\/records-and-access\/how-to-find-us\/\",\"url\":\"https:\/\/ank.gov.pl\/en\/what-we-do\/records-and-access\/how-to-find-us\/\",\"name\":\"How to find us - Archiwum Narodowe w Krakowie\",\"isPartOf\":{\"@id\":\"https:\/\/ank.gov.pl\/#website\"},\"primaryImageOfPage\":{\"@id\":\"https:\/\/ank.gov.pl\/en\/what-we-do\/records-and-access\/how-to-find-us\/#primaryimage\"},\"image\":{\"@id\":\"https:\/\/ank.gov.pl\/en\/what-we-do\/records-and-access\/how-to-find-us\/#primaryimage\"},\"thumbnailUrl\":\"https:\/\/ank.gov.pl\/wp-content\/uploads\/2025\/09\/mapa-768x892-1-258x300.jpg\",\"datePublished\":\"2019-04-01T09:24:37+00:00\",\"dateModified\":\"2025-09-05T07:41:41+00:00\",\"breadcrumb\":{\"@id\":\"https:\/\/ank.gov.pl\/en\/what-we-do\/records-and-access\/how-to-find-us\/#breadcrumb\"},\"inLanguage\":\"en-US\",\"potentialAction\":[{\"@type\":\"ReadAction\",\"target\":[\"https:\/\/ank.gov.pl\/en\/what-we-do\/records-and-access\/how-to-find-us\/\"]}]},{\"@type\":\"ImageObject\",\"inLanguage\":\"en-US\",\"@id\":\"https:\/\/ank.gov.pl\/en\/what-we-do\/records-and-access\/how-to-find-us\/#primaryimage\",\"url\":\"https:\/\/ank.gov.pl\/wp-content\/uploads\/2025\/09\/mapa-768x892-1-258x300.jpg\",\"contentUrl\":\"https:\/\/ank.gov.pl\/wp-content\/uploads\/2025\/09\/mapa-768x892-1-258x300.jpg\"},{\"@type\":\"BreadcrumbList\",\"@id\":\"https:\/\/ank.gov.pl\/en\/what-we-do\/records-and-access\/how-to-find-us\/#breadcrumb\",\"itemListElement\":[{\"@type\":\"ListItem\",\"position\":1,\"name\":\"Home\",\"item\":\"https:\/\/ank.gov.pl\/en\/\"},{\"@type\":\"ListItem\",\"position\":2,\"name\":\"What we do\",\"item\":\"https:\/\/ank.gov.pl\/en\/what-we-do\/\"},{\"@type\":\"ListItem\",\"position\":3,\"name\":\"Records and access\",\"item\":\"https:\/\/ank.gov.pl\/en\/what-we-do\/records-and-access\/\"},{\"@type\":\"ListItem\",\"position\":4,\"name\":\"How to find us\"}]},{\"@type\":\"WebSite\",\"@id\":\"https:\/\/ank.gov.pl\/#website\",\"url\":\"https:\/\/ank.gov.pl\/\",\"name\":\"Archiwum Narodowe w Krakowie\",\"description\":\"Strona internetowa Archiwum Narodowego w Krakowie\",\"potentialAction\":[{\"@type\":\"SearchAction\",\"target\":{\"@type\":\"EntryPoint\",\"urlTemplate\":\"https:\/\/ank.gov.pl\/?s={search_term_string}\"},\"query-input\":{\"@type\":\"PropertyValueSpecification\",\"valueRequired\":true,\"valueName\":\"search_term_string\"}}],\"inLanguage\":\"en-US\"}]}<\/script>\n<!-- \/ Yoast SEO plugin. -->","yoast_head_json":{"title":"How to find us - Archiwum Narodowe w Krakowie","robots":{"index":"index","follow":"follow","max-snippet":"max-snippet:-1","max-image-preview":"max-image-preview:large","max-video-preview":"max-video-preview:-1"},"canonical":"https:\/\/ank.gov.pl\/en\/what-we-do\/records-and-access\/how-to-find-us\/","og_locale":"en_US","og_type":"article","og_title":"How to find us - Archiwum Narodowe w Krakowie","og_description":"The main office of The National Archives in Krakow\u00a0 22E Rakowicka Street in Krakow\u00a0 is located a 15-minute walk from the train station and the bus station The closest public transport stop is located at the [&hellip;]","og_url":"https:\/\/ank.gov.pl\/en\/what-we-do\/records-and-access\/how-to-find-us\/","og_site_name":"Archiwum Narodowe w Krakowie","article_modified_time":"2025-09-05T07:41:41+00:00","og_image":[{"width":768,"height":892,"url":"https:\/\/ank.gov.pl\/wp-content\/uploads\/2025\/09\/mapa-768x892-1.jpg","type":"image\/jpeg"}],"twitter_card":"summary_large_image","twitter_misc":{"Est. reading time":"2 minutes"},"schema":{"@context":"https:\/\/schema.org","@graph":[{"@type":"WebPage","@id":"https:\/\/ank.gov.pl\/en\/what-we-do\/records-and-access\/how-to-find-us\/","url":"https:\/\/ank.gov.pl\/en\/what-we-do\/records-and-access\/how-to-find-us\/","name":"How to find us - Archiwum Narodowe w Krakowie","isPartOf":{"@id":"https:\/\/ank.gov.pl\/#website"},"primaryImageOfPage":{"@id":"https:\/\/ank.gov.pl\/en\/what-we-do\/records-and-access\/how-to-find-us\/#primaryimage"},"image":{"@id":"https:\/\/ank.gov.pl\/en\/what-we-do\/records-and-access\/how-to-find-us\/#primaryimage"},"thumbnailUrl":"https:\/\/ank.gov.pl\/wp-content\/uploads\/2025\/09\/mapa-768x892-1-258x300.jpg","datePublished":"2019-04-01T09:24:37+00:00","dateModified":"2025-09-05T07:41:41+00:00","breadcrumb":{"@id":"https:\/\/ank.gov.pl\/en\/what-we-do\/records-and-access\/how-to-find-us\/#breadcrumb"},"inLanguage":"en-US","potentialAction":[{"@type":"ReadAction","target":["https:\/\/ank.gov.pl\/en\/what-we-do\/records-and-access\/how-to-find-us\/"]}]},{"@type":"ImageObject","inLanguage":"en-US","@id":"https:\/\/ank.gov.pl\/en\/what-we-do\/records-and-access\/how-to-find-us\/#primaryimage","url":"https:\/\/ank.gov.pl\/wp-content\/uploads\/2025\/09\/mapa-768x892-1-258x300.jpg","contentUrl":"https:\/\/ank.gov.pl\/wp-content\/uploads\/2025\/09\/mapa-768x892-1-258x300.jpg"},{"@type":"BreadcrumbList","@id":"https:\/\/ank.gov.pl\/en\/what-we-do\/records-and-access\/how-to-find-us\/#breadcrumb","itemListElement":[{"@type":"ListItem","position":1,"name":"Home","item":"https:\/\/ank.gov.pl\/en\/"},{"@type":"ListItem","position":2,"name":"What we do","item":"https:\/\/ank.gov.pl\/en\/what-we-do\/"},{"@type":"ListItem","position":3,"name":"Records and access","item":"https:\/\/ank.gov.pl\/en\/what-we-do\/records-and-access\/"},{"@type":"ListItem","position":4,"name":"How to find us"}]},{"@type":"WebSite","@id":"https:\/\/ank.gov.pl\/#website","url":"https:\/\/ank.gov.pl\/","name":"Archiwum Narodowe w Krakowie","description":"Strona internetowa Archiwum Narodowego w Krakowie","potentialAction":[{"@type":"SearchAction","target":{"@type":"EntryPoint","urlTemplate":"https:\/\/ank.gov.pl\/?s={search_term_string}"},"query-input":{"@type":"PropertyValueSpecification","valueRequired":true,"valueName":"search_term_string"}}],"inLanguage":"en-US"}]}},"_links":{"self":[{"href":"https:\/\/ank.gov.pl\/en\/wp-json\/wp\/v2\/pages\/6952\/"}],"collection":[{"href":"https:\/\/ank.gov.pl\/en\/wp-json\/wp\/v2\/pages\/"}],"about":[{"href":"https:\/\/ank.gov.pl\/en\/wp-json\/wp\/v2\/types\/page\/"}],"author":[{"embeddable":true,"href":"https:\/\/ank.gov.pl\/en\/wp-json\/wp\/v2\/users\/2\/"}],"replies":[{"embeddable":true,"href":"https:\/\/ank.gov.pl\/en\/wp-json\/wp\/v2\/comments\/?post=6952"}],"version-history":[{"count":48,"href":"https:\/\/ank.gov.pl\/en\/wp-json\/wp\/v2\/pages\/6952\/revisions\/"}],"predecessor-version":[{"id":17203,"href":"https:\/\/ank.gov.pl\/en\/wp-json\/wp\/v2\/pages\/6952\/revisions\/17203\/"}],"up":[{"embeddable":true,"href":"https:\/\/ank.gov.pl\/en\/wp-json\/wp\/v2\/pages\/6131\/"}],"wp:attachment":[{"href":"https:\/\/ank.gov.pl\/en\/wp-json\/wp\/v2\/media\/?parent=6952"}],"curies":[{"name":"wp","href":"https:\/\/api.w.org\/{rel}","templated":true}]}}