{"id":6887,"date":"2019-03-29T15:52:12","date_gmt":"2019-03-29T14:52:12","guid":{"rendered":"https:\/\/nowa.ank.gov.pl\/?page_id=6887"},"modified":"2024-07-04T13:21:46","modified_gmt":"2024-07-04T11:21:46","slug":"organization-of-the-archives","status":"publish","type":"page","link":"https:\/\/ank.gov.pl\/en\/about-us\/organization-of-the-archives\/","title":{"rendered":"Organization of the Archives"},"content":{"rendered":"<p><strong>\t<div class=\"frame\"> Director &#8211;\u00a0 \u00a0prof. dr hab. Wojciech Krawczuk\u00a0<\/strong><\/p>\n<p><strong>Deputy Director \u2013\u00a0 dr Kamila Follprecht <\/strong><\/p>\n<p><strong>The National Archives in Krakow<\/strong><\/p>\n<p>Address and location:<\/p>\n<p>22E Rakowicka\u00a0 Street<br \/>\n31-510 Krakow<br \/>\ne-mail:\u00a0<a href=\"mailto:sekretariat@ank.gov.pl\">sekretariat@ank.gov.pl<\/a><br \/>\ntel. +48\u00a0\u00a0<strong>12 370 56 00\u00a0<\/strong><br \/>\nfax +48\u00a0<strong>12 370 56 98<\/strong><\/p>\n<p>Secretariat &#8211; hours: Monday 9:00 &#8211; 17:00, Tuesday &#8211; Friday, 9:00 &#8211; 15:00<\/p>\n<p>Archival information: tel.:+48 12 370 56 00<br \/>\ne-mail:\u00a0<a href=\"mailto:informacja@ank.gov.pl\">informacja@ank.gov.pl<\/a><br \/>\nhours: Monday &#8211; Friday, 8:00 &#8211; 15:00 <\/div>\n\t<\/p>\n<hr \/>\n<div><strong>The National Archives in Krakow, Nowy S\u0105cz Branch<\/strong><br \/>\n12 29 Listopada Street<br \/>\n33-300 Nowy Sacz<br \/>\ntel.\/fax. +18 442 06 59, e-mail:\u00a0<a href=\"mailto:nowysacz@ank.gov.pl\">nowysacz@ank.gov.pl<\/a><\/div>\n<div>Branch head: Sylwester R\u0119kas<\/div>\n<div>hours: Monday &#8211; Friday, 8:00 &#8211; 15:00<\/div>\n<div><\/div>\n<div>The reading room is open Monday to Friday from 9:00 to 15:00<\/div>\n<div><\/div>\n<div><strong>Area of operation:<\/strong><br \/>\n<u>Towns and villages:<\/u> Bobowa, Che\u0142miec, Gorlice, Gr\u00f3dek n\/Dunajcem, Gryb\u00f3w, Jod\u0142ownik, Kamienica, Kamionka Wielka, Korzenna, Krynica-Zdr\u00f3j, Laskowa, Limanowa, \u0141abowa, \u0141\u0105cko, \u0141ososina Dolna, \u0141ukowica, \u0141u\u017cna, Moszczenica, Muszyna, Nawojowa, Nowy S\u0105cz, Piwniczna-Zdr\u00f3j, Podegrodzie, Ropa, Rytro, S\u0119kowa, S\u0142opnice, Stary S\u0105cz, Tymbark, U\u015bcie Gorlickie.<\/div>\n<div><\/div>\n<div>\n<hr \/>\n<\/div>\n<div><\/div>\n<div><strong>The National Archives in Krakow, Tarn\u00f3w Branch<\/strong><br \/>\n16 Chemiczna Street<br \/>\n33-101 Tarn\u00f3w<br \/>\ntel.\/fax. +14 633 06 21, e-mail:\u00a0<a href=\"mailto:tarnow@ank.gov.pl\">tarnow@ank.gov.pl<\/a>Branch head: Maciej Dudek<br \/>\nhours: Monday &#8211; Friday, 9:00 &#8211; 15:00The reading room is open Monday to Friday from 9:00 to 15:00<\/div>\n<div><\/div>\n<div><strong>Area of operation:<\/strong><br \/>\n<u>Towns and villages:<\/u> Boles\u0142aw, Brzostek, Ci\u0119\u017ckowice, Czarna, D\u0105browa Tarnowska, D\u0119bica, Gr\u0119bosz\u00f3w, Gromnik, Jod\u0142owa, Lisia G\u00f3ra, M\u0119drzech\u00f3w, Olesno, Pilzno, Ple\u015bna, Radgoszcz, Rad\u0142\u00f3w, Radomy\u015bl Wielki, Ryglice, Rzepiennik Strzy\u017cewski, Skrzysz\u00f3w, Szczucin, Szerzyny, Tarn\u00f3w, Tuch\u00f3w, Wadowice G\u00f3rne, Wierzchos\u0142awice, Wietrzychowice, Wojnicz, Zakliczyn, \u017babno, \u017byrak\u00f3w.<\/div>\n<hr \/>\n<p><strong>Data Protection Inspector<\/strong><br \/>\nRenata Chlewicka \u2013 senior specialist<br \/>\n22E Rakowicka\u00a0 Street<br \/>\n31-510 Krakow<\/p>\n<hr \/>\n<p id=\"tw-target-text\" class=\"tw-data-text tw-text-large tw-ta\" dir=\"ltr\" data-placeholder=\"T\u0142umaczenie\"><span class=\"Y2IQFc\" lang=\"en\"><strong>Availability Coordinator<\/strong><\/span><\/p>\n<p>Edyta Lelek \u2013 specialist<br \/>\n22E Rakowicka\u00a0 Street<br \/>\n31-510 Krakow<\/p>\n","protected":false},"excerpt":{"rendered":"<p>The National Archives in Krakow, Nowy S\u0105cz Branch 12 29 Listopada Street 33-300 Nowy Sacz tel.\/fax. +18 442 06 59, e-mail:\u00a0nowysacz@ank.gov.pl Branch head: Sylwester R\u0119kas hours: Monday &#8211; Friday, 8:00 &#8211; 15:00 The reading room is [&hellip;]<\/p>\n","protected":false},"author":2,"featured_media":0,"parent":6138,"menu_order":0,"comment_status":"closed","ping_status":"closed","template":"navi-page.php","meta":{"_acf_changed":false,"footnotes":""},"class_list":["post-6887","page","type-page","status-publish","hentry"],"acf":[],"yoast_head":"<!-- This site is optimized with the Yoast SEO plugin v25.7 - https:\/\/yoast.com\/wordpress\/plugins\/seo\/ -->\n<title>Organization of the Archives - Archiwum Narodowe w Krakowie<\/title>\n<meta name=\"robots\" content=\"index, follow, max-snippet:-1, max-image-preview:large, max-video-preview:-1\" \/>\n<link rel=\"canonical\" href=\"https:\/\/ank.gov.pl\/en\/about-us\/organization-of-the-archives\/\" \/>\n<meta property=\"og:locale\" content=\"en_US\" \/>\n<meta property=\"og:type\" content=\"article\" \/>\n<meta property=\"og:title\" content=\"Organization of the Archives - Archiwum Narodowe w Krakowie\" \/>\n<meta property=\"og:description\" content=\"The National Archives in Krakow, Nowy S\u0105cz Branch 12 29 Listopada Street 33-300 Nowy Sacz tel.\/fax. +18 442 06 59, e-mail:\u00a0nowysacz@ank.gov.pl Branch head: Sylwester R\u0119kas hours: Monday &#8211; Friday, 8:00 &#8211; 15:00 The reading room is [&hellip;]\" \/>\n<meta property=\"og:url\" content=\"https:\/\/ank.gov.pl\/en\/about-us\/organization-of-the-archives\/\" \/>\n<meta property=\"og:site_name\" content=\"Archiwum Narodowe w Krakowie\" \/>\n<meta property=\"article:modified_time\" content=\"2024-07-04T11:21:46+00:00\" \/>\n<meta name=\"twitter:card\" content=\"summary_large_image\" \/>\n<meta name=\"twitter:label1\" content=\"Est. reading time\" \/>\n\t<meta name=\"twitter:data1\" content=\"2 minutes\" \/>\n<script type=\"application\/ld+json\" class=\"yoast-schema-graph\">{\"@context\":\"https:\/\/schema.org\",\"@graph\":[{\"@type\":\"WebPage\",\"@id\":\"https:\/\/ank.gov.pl\/en\/about-us\/organization-of-the-archives\/\",\"url\":\"https:\/\/ank.gov.pl\/en\/about-us\/organization-of-the-archives\/\",\"name\":\"Organization of the Archives - Archiwum Narodowe w Krakowie\",\"isPartOf\":{\"@id\":\"https:\/\/ank.gov.pl\/#website\"},\"datePublished\":\"2019-03-29T14:52:12+00:00\",\"dateModified\":\"2024-07-04T11:21:46+00:00\",\"breadcrumb\":{\"@id\":\"https:\/\/ank.gov.pl\/en\/about-us\/organization-of-the-archives\/#breadcrumb\"},\"inLanguage\":\"en-US\",\"potentialAction\":[{\"@type\":\"ReadAction\",\"target\":[\"https:\/\/ank.gov.pl\/en\/about-us\/organization-of-the-archives\/\"]}]},{\"@type\":\"BreadcrumbList\",\"@id\":\"https:\/\/ank.gov.pl\/en\/about-us\/organization-of-the-archives\/#breadcrumb\",\"itemListElement\":[{\"@type\":\"ListItem\",\"position\":1,\"name\":\"Home\",\"item\":\"https:\/\/ank.gov.pl\/en\/\"},{\"@type\":\"ListItem\",\"position\":2,\"name\":\"About us\",\"item\":\"https:\/\/ank.gov.pl\/en\/about-us\/\"},{\"@type\":\"ListItem\",\"position\":3,\"name\":\"Organization of the Archives\"}]},{\"@type\":\"WebSite\",\"@id\":\"https:\/\/ank.gov.pl\/#website\",\"url\":\"https:\/\/ank.gov.pl\/\",\"name\":\"Archiwum Narodowe w Krakowie\",\"description\":\"Strona internetowa Archiwum Narodowego w Krakowie\",\"potentialAction\":[{\"@type\":\"SearchAction\",\"target\":{\"@type\":\"EntryPoint\",\"urlTemplate\":\"https:\/\/ank.gov.pl\/?s={search_term_string}\"},\"query-input\":{\"@type\":\"PropertyValueSpecification\",\"valueRequired\":true,\"valueName\":\"search_term_string\"}}],\"inLanguage\":\"en-US\"}]}<\/script>\n<!-- \/ Yoast SEO plugin. -->","yoast_head_json":{"title":"Organization of the Archives - Archiwum Narodowe w Krakowie","robots":{"index":"index","follow":"follow","max-snippet":"max-snippet:-1","max-image-preview":"max-image-preview:large","max-video-preview":"max-video-preview:-1"},"canonical":"https:\/\/ank.gov.pl\/en\/about-us\/organization-of-the-archives\/","og_locale":"en_US","og_type":"article","og_title":"Organization of the Archives - Archiwum Narodowe w Krakowie","og_description":"The National Archives in Krakow, Nowy S\u0105cz Branch 12 29 Listopada Street 33-300 Nowy Sacz tel.\/fax. +18 442 06 59, e-mail:\u00a0nowysacz@ank.gov.pl Branch head: Sylwester R\u0119kas hours: Monday &#8211; Friday, 8:00 &#8211; 15:00 The reading room is [&hellip;]","og_url":"https:\/\/ank.gov.pl\/en\/about-us\/organization-of-the-archives\/","og_site_name":"Archiwum Narodowe w Krakowie","article_modified_time":"2024-07-04T11:21:46+00:00","twitter_card":"summary_large_image","twitter_misc":{"Est. reading time":"2 minutes"},"schema":{"@context":"https:\/\/schema.org","@graph":[{"@type":"WebPage","@id":"https:\/\/ank.gov.pl\/en\/about-us\/organization-of-the-archives\/","url":"https:\/\/ank.gov.pl\/en\/about-us\/organization-of-the-archives\/","name":"Organization of the Archives - Archiwum Narodowe w Krakowie","isPartOf":{"@id":"https:\/\/ank.gov.pl\/#website"},"datePublished":"2019-03-29T14:52:12+00:00","dateModified":"2024-07-04T11:21:46+00:00","breadcrumb":{"@id":"https:\/\/ank.gov.pl\/en\/about-us\/organization-of-the-archives\/#breadcrumb"},"inLanguage":"en-US","potentialAction":[{"@type":"ReadAction","target":["https:\/\/ank.gov.pl\/en\/about-us\/organization-of-the-archives\/"]}]},{"@type":"BreadcrumbList","@id":"https:\/\/ank.gov.pl\/en\/about-us\/organization-of-the-archives\/#breadcrumb","itemListElement":[{"@type":"ListItem","position":1,"name":"Home","item":"https:\/\/ank.gov.pl\/en\/"},{"@type":"ListItem","position":2,"name":"About us","item":"https:\/\/ank.gov.pl\/en\/about-us\/"},{"@type":"ListItem","position":3,"name":"Organization of the Archives"}]},{"@type":"WebSite","@id":"https:\/\/ank.gov.pl\/#website","url":"https:\/\/ank.gov.pl\/","name":"Archiwum Narodowe w Krakowie","description":"Strona internetowa Archiwum Narodowego w Krakowie","potentialAction":[{"@type":"SearchAction","target":{"@type":"EntryPoint","urlTemplate":"https:\/\/ank.gov.pl\/?s={search_term_string}"},"query-input":{"@type":"PropertyValueSpecification","valueRequired":true,"valueName":"search_term_string"}}],"inLanguage":"en-US"}]}},"_links":{"self":[{"href":"https:\/\/ank.gov.pl\/en\/wp-json\/wp\/v2\/pages\/6887\/"}],"collection":[{"href":"https:\/\/ank.gov.pl\/en\/wp-json\/wp\/v2\/pages\/"}],"about":[{"href":"https:\/\/ank.gov.pl\/en\/wp-json\/wp\/v2\/types\/page\/"}],"author":[{"embeddable":true,"href":"https:\/\/ank.gov.pl\/en\/wp-json\/wp\/v2\/users\/2\/"}],"replies":[{"embeddable":true,"href":"https:\/\/ank.gov.pl\/en\/wp-json\/wp\/v2\/comments\/?post=6887"}],"version-history":[{"count":38,"href":"https:\/\/ank.gov.pl\/en\/wp-json\/wp\/v2\/pages\/6887\/revisions\/"}],"predecessor-version":[{"id":16383,"href":"https:\/\/ank.gov.pl\/en\/wp-json\/wp\/v2\/pages\/6887\/revisions\/16383\/"}],"up":[{"embeddable":true,"href":"https:\/\/ank.gov.pl\/en\/wp-json\/wp\/v2\/pages\/6138\/"}],"wp:attachment":[{"href":"https:\/\/ank.gov.pl\/en\/wp-json\/wp\/v2\/media\/?parent=6887"}],"curies":[{"name":"wp","href":"https:\/\/api.w.org\/{rel}","templated":true}]}}