{"id":6158,"date":"2019-03-21T11:24:27","date_gmt":"2019-03-21T10:24:27","guid":{"rendered":"https:\/\/ank.aws.indelso.ovh\/?page_id=6158"},"modified":"2024-07-04T13:10:35","modified_gmt":"2024-07-04T11:10:35","slug":"press-room","status":"publish","type":"page","link":"https:\/\/ank.gov.pl\/en\/about-us\/press-room\/","title":{"rendered":"Press room"},"content":{"rendered":"<p><img loading=\"lazy\" decoding=\"async\" class=\"aligncenter wp-image-16380 colorbox-6158\" src=\"https:\/\/ank.gov.pl\/wp-content\/uploads\/2024\/07\/slider-1024x593-1-300x174.jpg\" alt=\"\" width=\"600\" height=\"347\" srcset=\"https:\/\/ank.gov.pl\/wp-content\/uploads\/2024\/07\/slider-1024x593-1-300x174.jpg 300w, https:\/\/ank.gov.pl\/wp-content\/uploads\/2024\/07\/slider-1024x593-1-768x445.jpg 768w, https:\/\/ank.gov.pl\/wp-content\/uploads\/2024\/07\/slider-1024x593-1.jpg 1024w\" sizes=\"auto, (max-width: 600px) 100vw, 600px\" \/><br \/>\nThe National Archives in Krakow already have an institutional tradition reaching back 140 years. They are the successor of the National Archives of Land Records in Krakow, operating from 1878 (later the State Archives in Krakow), as well as the Krakow Town Archives of Former Records, which existed in the years 1887\u20131952. The resources of the National Archives in Krakow consist of over 25 kilometres of records. This includes archival records dating from the twelfth century until modern times, and is one of the largest and most valuable in the country. The Archives are still open and collect materials handed over by state and local government institutions, societies, registry offices, economic institutions and private individuals, mainly from the area of Ma\u0142opolska. In addition to the headquarters in Krak\u00f3w, there are also local branches in Nowy S\u0105cz and Tarn\u00f3w, as well as a branch office in Nowy Targ.. Besides collecting, safeguarding and providing access to archival materials, the task of the National Archives in Krakow is supervision of the establishment and storage of documentation as well as conservation work. The Archives also conduct scientific and publishing work in the areas of history and archiving, popularise knowledge about archival materials and undertake educational and informational activities.<\/p>\n<p>&nbsp;<\/p>\n<p><iframe style=\"border: none; width: 100%; height: 500px;\" src=\"https:\/\/e.issuu.com\/anonymous-embed.html?u=archiwumnarodowewkrakowie&amp;d=raport_2017_web\" allowfullscreen=\"allowfullscreen\"><\/iframe><\/p>\n<p>&nbsp;<\/p>\n","protected":false},"excerpt":{"rendered":"<p>The National Archives in Krakow already have an institutional tradition reaching back 140 years. They are the successor of the National Archives of Land Records in Krakow, operating from 1878 (later the State Archives in Krakow), [&hellip;]<\/p>\n","protected":false},"author":2,"featured_media":0,"parent":6138,"menu_order":0,"comment_status":"closed","ping_status":"closed","template":"","meta":{"_acf_changed":false,"footnotes":""},"class_list":["post-6158","page","type-page","status-publish","hentry"],"acf":[],"yoast_head":"<!-- This site is optimized with the Yoast SEO plugin v25.7 - https:\/\/yoast.com\/wordpress\/plugins\/seo\/ -->\n<title>Press room - Archiwum Narodowe w Krakowie<\/title>\n<meta name=\"robots\" content=\"index, follow, max-snippet:-1, max-image-preview:large, max-video-preview:-1\" \/>\n<link rel=\"canonical\" href=\"https:\/\/ank.gov.pl\/en\/about-us\/press-room\/\" \/>\n<meta property=\"og:locale\" content=\"en_US\" \/>\n<meta property=\"og:type\" content=\"article\" \/>\n<meta property=\"og:title\" content=\"Press room - Archiwum Narodowe w Krakowie\" \/>\n<meta property=\"og:description\" content=\"The National Archives in Krakow already have an institutional tradition reaching back 140 years. They are the successor of the National Archives of Land Records in Krakow, operating from 1878 (later the State Archives in Krakow), [&hellip;]\" \/>\n<meta property=\"og:url\" content=\"https:\/\/ank.gov.pl\/en\/about-us\/press-room\/\" \/>\n<meta property=\"og:site_name\" content=\"Archiwum Narodowe w Krakowie\" \/>\n<meta property=\"article:modified_time\" content=\"2024-07-04T11:10:35+00:00\" \/>\n<meta property=\"og:image\" content=\"https:\/\/ank.gov.pl\/wp-content\/uploads\/2024\/07\/slider-1024x593-1-300x174.jpg\" \/>\n<meta name=\"twitter:card\" content=\"summary_large_image\" \/>\n<meta name=\"twitter:label1\" content=\"Est. reading time\" \/>\n\t<meta name=\"twitter:data1\" content=\"2 minutes\" \/>\n<script type=\"application\/ld+json\" class=\"yoast-schema-graph\">{\"@context\":\"https:\/\/schema.org\",\"@graph\":[{\"@type\":\"WebPage\",\"@id\":\"https:\/\/ank.gov.pl\/en\/about-us\/press-room\/\",\"url\":\"https:\/\/ank.gov.pl\/en\/about-us\/press-room\/\",\"name\":\"Press room - Archiwum Narodowe w Krakowie\",\"isPartOf\":{\"@id\":\"https:\/\/ank.gov.pl\/#website\"},\"primaryImageOfPage\":{\"@id\":\"https:\/\/ank.gov.pl\/en\/about-us\/press-room\/#primaryimage\"},\"image\":{\"@id\":\"https:\/\/ank.gov.pl\/en\/about-us\/press-room\/#primaryimage\"},\"thumbnailUrl\":\"https:\/\/ank.gov.pl\/wp-content\/uploads\/2024\/07\/slider-1024x593-1-300x174.jpg\",\"datePublished\":\"2019-03-21T10:24:27+00:00\",\"dateModified\":\"2024-07-04T11:10:35+00:00\",\"breadcrumb\":{\"@id\":\"https:\/\/ank.gov.pl\/en\/about-us\/press-room\/#breadcrumb\"},\"inLanguage\":\"en-US\",\"potentialAction\":[{\"@type\":\"ReadAction\",\"target\":[\"https:\/\/ank.gov.pl\/en\/about-us\/press-room\/\"]}]},{\"@type\":\"ImageObject\",\"inLanguage\":\"en-US\",\"@id\":\"https:\/\/ank.gov.pl\/en\/about-us\/press-room\/#primaryimage\",\"url\":\"https:\/\/ank.gov.pl\/wp-content\/uploads\/2024\/07\/slider-1024x593-1-300x174.jpg\",\"contentUrl\":\"https:\/\/ank.gov.pl\/wp-content\/uploads\/2024\/07\/slider-1024x593-1-300x174.jpg\"},{\"@type\":\"BreadcrumbList\",\"@id\":\"https:\/\/ank.gov.pl\/en\/about-us\/press-room\/#breadcrumb\",\"itemListElement\":[{\"@type\":\"ListItem\",\"position\":1,\"name\":\"Home\",\"item\":\"https:\/\/ank.gov.pl\/en\/\"},{\"@type\":\"ListItem\",\"position\":2,\"name\":\"About us\",\"item\":\"https:\/\/ank.gov.pl\/en\/about-us\/\"},{\"@type\":\"ListItem\",\"position\":3,\"name\":\"Press room\"}]},{\"@type\":\"WebSite\",\"@id\":\"https:\/\/ank.gov.pl\/#website\",\"url\":\"https:\/\/ank.gov.pl\/\",\"name\":\"Archiwum Narodowe w Krakowie\",\"description\":\"Strona internetowa Archiwum Narodowego w Krakowie\",\"potentialAction\":[{\"@type\":\"SearchAction\",\"target\":{\"@type\":\"EntryPoint\",\"urlTemplate\":\"https:\/\/ank.gov.pl\/?s={search_term_string}\"},\"query-input\":{\"@type\":\"PropertyValueSpecification\",\"valueRequired\":true,\"valueName\":\"search_term_string\"}}],\"inLanguage\":\"en-US\"}]}<\/script>\n<!-- \/ Yoast SEO plugin. -->","yoast_head_json":{"title":"Press room - Archiwum Narodowe w Krakowie","robots":{"index":"index","follow":"follow","max-snippet":"max-snippet:-1","max-image-preview":"max-image-preview:large","max-video-preview":"max-video-preview:-1"},"canonical":"https:\/\/ank.gov.pl\/en\/about-us\/press-room\/","og_locale":"en_US","og_type":"article","og_title":"Press room - Archiwum Narodowe w Krakowie","og_description":"The National Archives in Krakow already have an institutional tradition reaching back 140 years. They are the successor of the National Archives of Land Records in Krakow, operating from 1878 (later the State Archives in Krakow), [&hellip;]","og_url":"https:\/\/ank.gov.pl\/en\/about-us\/press-room\/","og_site_name":"Archiwum Narodowe w Krakowie","article_modified_time":"2024-07-04T11:10:35+00:00","og_image":[{"url":"https:\/\/ank.gov.pl\/wp-content\/uploads\/2024\/07\/slider-1024x593-1-300x174.jpg","type":"","width":"","height":""}],"twitter_card":"summary_large_image","twitter_misc":{"Est. reading time":"2 minutes"},"schema":{"@context":"https:\/\/schema.org","@graph":[{"@type":"WebPage","@id":"https:\/\/ank.gov.pl\/en\/about-us\/press-room\/","url":"https:\/\/ank.gov.pl\/en\/about-us\/press-room\/","name":"Press room - Archiwum Narodowe w Krakowie","isPartOf":{"@id":"https:\/\/ank.gov.pl\/#website"},"primaryImageOfPage":{"@id":"https:\/\/ank.gov.pl\/en\/about-us\/press-room\/#primaryimage"},"image":{"@id":"https:\/\/ank.gov.pl\/en\/about-us\/press-room\/#primaryimage"},"thumbnailUrl":"https:\/\/ank.gov.pl\/wp-content\/uploads\/2024\/07\/slider-1024x593-1-300x174.jpg","datePublished":"2019-03-21T10:24:27+00:00","dateModified":"2024-07-04T11:10:35+00:00","breadcrumb":{"@id":"https:\/\/ank.gov.pl\/en\/about-us\/press-room\/#breadcrumb"},"inLanguage":"en-US","potentialAction":[{"@type":"ReadAction","target":["https:\/\/ank.gov.pl\/en\/about-us\/press-room\/"]}]},{"@type":"ImageObject","inLanguage":"en-US","@id":"https:\/\/ank.gov.pl\/en\/about-us\/press-room\/#primaryimage","url":"https:\/\/ank.gov.pl\/wp-content\/uploads\/2024\/07\/slider-1024x593-1-300x174.jpg","contentUrl":"https:\/\/ank.gov.pl\/wp-content\/uploads\/2024\/07\/slider-1024x593-1-300x174.jpg"},{"@type":"BreadcrumbList","@id":"https:\/\/ank.gov.pl\/en\/about-us\/press-room\/#breadcrumb","itemListElement":[{"@type":"ListItem","position":1,"name":"Home","item":"https:\/\/ank.gov.pl\/en\/"},{"@type":"ListItem","position":2,"name":"About us","item":"https:\/\/ank.gov.pl\/en\/about-us\/"},{"@type":"ListItem","position":3,"name":"Press room"}]},{"@type":"WebSite","@id":"https:\/\/ank.gov.pl\/#website","url":"https:\/\/ank.gov.pl\/","name":"Archiwum Narodowe w Krakowie","description":"Strona internetowa Archiwum Narodowego w Krakowie","potentialAction":[{"@type":"SearchAction","target":{"@type":"EntryPoint","urlTemplate":"https:\/\/ank.gov.pl\/?s={search_term_string}"},"query-input":{"@type":"PropertyValueSpecification","valueRequired":true,"valueName":"search_term_string"}}],"inLanguage":"en-US"}]}},"_links":{"self":[{"href":"https:\/\/ank.gov.pl\/en\/wp-json\/wp\/v2\/pages\/6158\/"}],"collection":[{"href":"https:\/\/ank.gov.pl\/en\/wp-json\/wp\/v2\/pages\/"}],"about":[{"href":"https:\/\/ank.gov.pl\/en\/wp-json\/wp\/v2\/types\/page\/"}],"author":[{"embeddable":true,"href":"https:\/\/ank.gov.pl\/en\/wp-json\/wp\/v2\/users\/2\/"}],"replies":[{"embeddable":true,"href":"https:\/\/ank.gov.pl\/en\/wp-json\/wp\/v2\/comments\/?post=6158"}],"version-history":[{"count":11,"href":"https:\/\/ank.gov.pl\/en\/wp-json\/wp\/v2\/pages\/6158\/revisions\/"}],"predecessor-version":[{"id":16382,"href":"https:\/\/ank.gov.pl\/en\/wp-json\/wp\/v2\/pages\/6158\/revisions\/16382\/"}],"up":[{"embeddable":true,"href":"https:\/\/ank.gov.pl\/en\/wp-json\/wp\/v2\/pages\/6138\/"}],"wp:attachment":[{"href":"https:\/\/ank.gov.pl\/en\/wp-json\/wp\/v2\/media\/?parent=6158"}],"curies":[{"name":"wp","href":"https:\/\/api.w.org\/{rel}","templated":true}]}}